{"id":1372,"date":"2018-02-05T13:58:42","date_gmt":"2018-02-05T12:58:42","guid":{"rendered":"https:\/\/weiterbildung.planzer.ch\/?page_id=1372"},"modified":"2023-08-02T10:51:34","modified_gmt":"2023-08-02T08:51:34","slug":"cgv","status":"publish","type":"page","link":"https:\/\/weiterbildung.planzer.ch\/fr\/cgv\/","title":{"rendered":"CGV"},"content":{"rendered":"<p>Dispositions g\u00e9n\u00e9rales \u00abFormation Planzer\u00bb Le centre de formation de Planzer Transport SA est un centre de formation agr\u00e9\u00e9 par l\u2018Association des Services des Automobiles (ASA), selon l\u2019ordonnance r\u00e9glant l\u2019admission des chauffeurs. Dans ce contexte, le centre de formation Planzer propose des formations de base OACP ainsi que des formations continues pour conducteurs\/trices externes. Le centre de formation a aussi la possibilit\u00e9 de proposer d\u2019autres modules de cours.<br \/>\nAvec l\u2019inscription \u00e0 un cours de formation (module) de \u00abFormation Planzer\u00bb les dispositions g\u00e9n\u00e9rales suivantes sont reconnues :<\/p>\n<h2>1. Inscription<\/h2>\n<p>L\u2019inscription se fait par \u00e9crit avec un formulaire d\u2019inscription sp\u00e9cifique au module choisi .Le nombre de participants par module est limit\u00e9. Les inscriptions sont trait\u00e9es selon l\u2019ordre de r\u00e9-ception de celles-ci.<\/p>\n<h2>2. Confirmation et modalit\u00e9s de paiementL\u2019inscription est confirm\u00e9e<\/h2>\n<p>d\u00e9finitivement au plus tard une semaine avant le d\u00e9roulement du mo-dule.<br \/>\nEn m\u00eame temps que la confirmation d\u2019inscription, la facture des frais de cours est \u00e9tablie. Les frais de cours sont \u00e0 payer avant le d\u00e9but de celui\u2013ci. En cas de paiement tardif, un int\u00e9r\u00eat de 5% \u00e0 compter de la date d\u2019\u00e9ch\u00e9ance sera demand\u00e9 au participant.<\/p>\n<h2>3. Organisation<\/h2>\n<p>Le contenu des cours correspond au descriptif. Les lieux et dates de cours peuvent \u00eatre modi-fi\u00e9s \u00e0 court terme. Les participants en seront alors inform\u00e9s dans les plus brefs d\u00e9lais.<br \/>\nUn nombre de participants insuffisants peut en-trainer l\u2019annulation du module, respectivement son d\u00e9placement. Lors d\u2019une annulation, les frais de cours d\u00e9j\u00e0 pay\u00e9s sont rembours\u00e9s. En cas de d\u00e9placement, les frais ne seront pas rembours\u00e9s.<\/p>\n<h2>4. Annulation, absence et cessation de cours<\/h2>\n<p>Une annulation apr\u00e8s la r\u00e9ception de la confir-mation de cours entraine la facturation de frais administratifs de CHF 100.00. Lors d\u2019une annu-lation, moins de 3 jours avant le d\u00e9but du mo-dule, la totalit\u00e9 des frais de cours sera factur\u00e9e. Les cours d\u00e9j\u00e0 pay\u00e9s, ne seront pas rembour-s\u00e9s.<br \/>\nLors d\u2019absences non excus\u00e9es ou non valables, les frais de cours ne seront pas rembours\u00e9s. La pr\u00e9tention aux parties de modules ou jours manqu\u00e9s n\u2019est pas possible. Au cas par cas et lors de places disponibles la \u00abFormation Plan-zer\u00bb peut int\u00e9grer des participants qui ont man-qu\u00e9 une partie du module.<br \/>\nUn participant qui, par sa conduite perturbe la mise en oeuvre du module ou met en danger la s\u00e9curit\u00e9 du cours pour lui o\u00f9 un tiers, peut \u00eatre exclu du module sans d\u00e9lai et sans justificatifs. Une pr\u00e9tention \u00e0 la r\u00e9p\u00e9tition du module ou le remboursement des frais de cours pay\u00e9s n\u2019est pas admissible.<\/p>\n<h2>5. Responsabilit\u00e9 et assurance<\/h2>\n<p>Autant qu\u2019il l\u2019est possible l\u00e9galement, Planzer d\u00e9cline toute responsabilit\u00e9. Par cons\u00e9quent, il appartient au participant de s\u2019assurer correcte-ment. Le participant est tenu de respecter \u00e9ga-lement la r\u00e9glementation de pr\u00e9vention des ac-cidents.<\/p>\n<h2>6. Permis et certification de formation<\/h2>\n<p>Un certificat de cours est \u00e9tabli selon ASA. Pour les offres de formations Planzer, un certificat est \u00e9mis, si le r\u00e9sultat du cours est atteint de ma-ni\u00e8re satisfaisante.<\/p>\n<h2>7. For Juridique<\/h2>\n<p>En cas de litige d\u00e9coulant de ce contrat, seul le tribunal du for juridique de Planzer Transport SA \u00e0 Dietikon est comp\u00e9tent.<\/p>\n<p>Planzer Transport AG &#8211; formation \/ 2017<\/p>\n","protected":false},"excerpt":{"rendered":"<p>Dispositions g\u00e9n\u00e9rales \u00abFormation Planzer\u00bb Le centre de formation de Planzer Transport SA est un centre de formation agr\u00e9\u00e9 par l\u2018Association des Services des Automobiles (ASA), selon l\u2019ordonnance r\u00e9glant l\u2019admission des chauffeurs. Dans ce contexte, le centre de formation Planzer propose des formations de base OACP ainsi que des formations continues pour conducteurs\/trices externes. Le centre &hellip; <\/p>\n<p class=\"link-more\"><a href=\"https:\/\/weiterbildung.planzer.ch\/fr\/cgv\/\" class=\"more-link\">Continuer la lecture<span class=\"screen-reader-text\"> de &laquo;&nbsp;CGV&nbsp;&raquo;<\/span><\/a><\/p>\n","protected":false},"author":122,"featured_media":0,"parent":0,"menu_order":0,"comment_status":"closed","ping_status":"closed","template":"","meta":{"footnotes":""},"class_list":["post-1372","page","type-page","status-publish","hentry"],"_links":{"self":[{"href":"https:\/\/weiterbildung.planzer.ch\/fr\/wp-json\/wp\/v2\/pages\/1372","targetHints":{"allow":["GET"]}}],"collection":[{"href":"https:\/\/weiterbildung.planzer.ch\/fr\/wp-json\/wp\/v2\/pages"}],"about":[{"href":"https:\/\/weiterbildung.planzer.ch\/fr\/wp-json\/wp\/v2\/types\/page"}],"author":[{"embeddable":true,"href":"https:\/\/weiterbildung.planzer.ch\/fr\/wp-json\/wp\/v2\/users\/122"}],"replies":[{"embeddable":true,"href":"https:\/\/weiterbildung.planzer.ch\/fr\/wp-json\/wp\/v2\/comments?post=1372"}],"version-history":[{"count":8,"href":"https:\/\/weiterbildung.planzer.ch\/fr\/wp-json\/wp\/v2\/pages\/1372\/revisions"}],"predecessor-version":[{"id":6042,"href":"https:\/\/weiterbildung.planzer.ch\/fr\/wp-json\/wp\/v2\/pages\/1372\/revisions\/6042"}],"wp:attachment":[{"href":"https:\/\/weiterbildung.planzer.ch\/fr\/wp-json\/wp\/v2\/media?parent=1372"}],"curies":[{"name":"wp","href":"https:\/\/api.w.org\/{rel}","templated":true}]}}